{"id":18,"date":"2018-02-22T09:30:03","date_gmt":"2018-02-22T09:30:03","guid":{"rendered":"http:\/\/www.absoloote.fr\/?page_id=18"},"modified":"2022-11-13T18:27:31","modified_gmt":"2022-11-13T17:27:31","slug":"lentreprise","status":"publish","type":"page","link":"https:\/\/www.absoloote.fr\/?page_id=18","title":{"rendered":"L&rsquo;entreprise"},"content":{"rendered":"<p><span style=\"font-family: Verdana; font-size: 14px;\"><span style=\"text-align: left; color: var(--ui-typography-black--light); text-transform: none; line-height: 1.4285; text-indent: 0px; letter-spacing: normal; font-style: normal; font-variant: normal; font-weight: 400; text-decoration: none; word-spacing: 0px; display: inline !important; white-space: pre-wrap; orphans: 2; float: none; -webkit-text-stroke-width: 0px; overflow-wrap: break-word; background-color: #ffffff;\">Absoloote est votre partenaire pour votre transformation num\u00e9rique.<br \/>\nPour vous accompagner dans cette transformation, nous associons des expertises technologiques et m\u00e9tiers et un management proche et bas\u00e9 sur l&rsquo;humain. Le pragmatisme caract\u00e9rise nos \u00e9quipes pour rapidement atteindre des objectifs quantifiables. Une de nos convictions est que la transformation digital ne doit pas \u00eatre oppos\u00e9e \u00e0 l&rsquo;humain mais conduite avec l&rsquo;humain.<br \/>\nLa mise \u00e0 disposition d&rsquo;offres de services \u00e0 fortes valeurs ajout\u00e9es orient\u00e9es m\u00e9tiers permet \u00e0 nos clients une ouverture sur de nouveaux horizons de performance.<\/span><\/span><\/p>\n","protected":false},"excerpt":{"rendered":"<p>Absoloote est votre partenaire pour votre transformation num\u00e9rique. Pour vous accompagner dans cette transformation, nous associons des expertises technologiques et m\u00e9tiers et un management proche et bas\u00e9 sur l&rsquo;humain. Le pragmatisme caract\u00e9rise nos \u00e9quipes pour rapidement atteindre des objectifs quantifiables. Une de nos convictions est que la transformation digital ne doit pas \u00eatre oppos\u00e9e \u00e0 [&hellip;]<\/p>\n","protected":false},"author":1,"featured_media":0,"parent":2,"menu_order":0,"comment_status":"closed","ping_status":"closed","template":"","meta":{"footnotes":""},"class_list":["post-18","page","type-page","status-publish","hentry"],"_links":{"self":[{"href":"https:\/\/www.absoloote.fr\/index.php?rest_route=\/wp\/v2\/pages\/18","targetHints":{"allow":["GET"]}}],"collection":[{"href":"https:\/\/www.absoloote.fr\/index.php?rest_route=\/wp\/v2\/pages"}],"about":[{"href":"https:\/\/www.absoloote.fr\/index.php?rest_route=\/wp\/v2\/types\/page"}],"author":[{"embeddable":true,"href":"https:\/\/www.absoloote.fr\/index.php?rest_route=\/wp\/v2\/users\/1"}],"replies":[{"embeddable":true,"href":"https:\/\/www.absoloote.fr\/index.php?rest_route=%2Fwp%2Fv2%2Fcomments&post=18"}],"version-history":[{"count":5,"href":"https:\/\/www.absoloote.fr\/index.php?rest_route=\/wp\/v2\/pages\/18\/revisions"}],"predecessor-version":[{"id":152,"href":"https:\/\/www.absoloote.fr\/index.php?rest_route=\/wp\/v2\/pages\/18\/revisions\/152"}],"up":[{"embeddable":true,"href":"https:\/\/www.absoloote.fr\/index.php?rest_route=\/wp\/v2\/pages\/2"}],"wp:attachment":[{"href":"https:\/\/www.absoloote.fr\/index.php?rest_route=%2Fwp%2Fv2%2Fmedia&parent=18"}],"curies":[{"name":"wp","href":"https:\/\/api.w.org\/{rel}","templated":true}]}}